{"id":1477,"date":"2021-07-02T18:11:29","date_gmt":"2021-07-02T21:11:29","guid":{"rendered":"https:\/\/isfd166-bue.infd.edu.ar\/sitio\/?page_id=1477"},"modified":"2021-07-02T18:11:29","modified_gmt":"2021-07-02T21:11:29","slug":"centro-de-estudiantes","status":"publish","type":"page","link":"https:\/\/isfd166-bue.infd.edu.ar\/sitio\/centro-de-estudiantes\/","title":{"rendered":"Centro de estudiantes"},"content":{"rendered":"<p>Un centro de estudiantes es un \u00f3rgano democr\u00e1tico de representaci\u00f3n de los estudiantes. Es una organizaci\u00f3n formada por estudiantes de establecimientos educativos para defender sus derechos. Tambi\u00e9n fomenta la participaci\u00f3n de los j\u00f3venes dentro y fuera de la instituci\u00f3n. Funcionan en instituciones educativas p\u00fablicas: escuelas secundarias, institutos de educaci\u00f3n superior, instituciones para adultos y de formaci\u00f3n profesional. Todos los estudiantes regulares de una instituci\u00f3n educativa tienen derecho a participar en el centro de estudiantes.<\/p>\n<p>Tienen como finalidad:<\/p>\n<ul>\n<li>Formar a los estudiantes en las pr\u00e1cticas democr\u00e1ticas, republicanas y federales.<\/li>\n<li>Defender los derechos humanos.<\/li>\n<li>Defender los derechos de los estudiantes, en especial, el derecho a aprender.<\/li>\n<li>Afianzar el derecho a la libre expresi\u00f3n.<\/li>\n<li>Reconocer a la educaci\u00f3n p\u00fablica como un derecho.<\/li>\n<li>Contribuir a mejorar la calidad de la educaci\u00f3n.<\/li>\n<li>Promover la participaci\u00f3n de los alumnos en los problemas educativos.<\/li>\n<li>Gestionar ante las autoridades los pedidos y necesidades de los alumnos.<\/li>\n<li>Favorecer el ingreso, permanencia y egreso de los estudiantes.<\/li>\n<li>Insertar a los estudiantes en la sociedad a trav\u00e9s de acciones que beneficien a la comunidad.<\/li>\n<\/ul>\n<p>Fuente: <a href=\"https:\/\/www.argentina.gob.ar\/justicia\/derechofacil\/leysimple\/centros-de-estudiantes\">https:\/\/www.argentina.gob.ar\/justicia\/derechofacil\/leysimple\/centros-de-estudiantes<\/a><\/p>\n","protected":false},"excerpt":{"rendered":"<p>Un centro de estudiantes es un \u00f3rgano democr\u00e1tico de representaci\u00f3n de los estudiantes. Es una organizaci\u00f3n formada por estudiantes de establecimientos educativos para defender sus derechos. Tambi\u00e9n fomenta la participaci\u00f3n de los j\u00f3venes dentro y fuera de la instituci\u00f3n. Funcionan en instituciones educativas p\u00fablicas: escuelas secundarias, institutos de educaci\u00f3n superior, instituciones para adultos y de &#8230; <a title=\"Centro de estudiantes\" class=\"read-more\" href=\"https:\/\/isfd166-bue.infd.edu.ar\/sitio\/centro-de-estudiantes\/\" aria-label=\"More on Centro de estudiantes\">[+]<\/a><\/p>\n","protected":false},"author":1256,"featured_media":0,"parent":0,"menu_order":0,"comment_status":"closed","ping_status":"closed","template":"","meta":[],"acf":[],"_links":{"self":[{"href":"https:\/\/isfd166-bue.infd.edu.ar\/sitio\/wp-json\/wp\/v2\/pages\/1477"}],"collection":[{"href":"https:\/\/isfd166-bue.infd.edu.ar\/sitio\/wp-json\/wp\/v2\/pages"}],"about":[{"href":"https:\/\/isfd166-bue.infd.edu.ar\/sitio\/wp-json\/wp\/v2\/types\/page"}],"author":[{"embeddable":true,"href":"https:\/\/isfd166-bue.infd.edu.ar\/sitio\/wp-json\/wp\/v2\/users\/1256"}],"replies":[{"embeddable":true,"href":"https:\/\/isfd166-bue.infd.edu.ar\/sitio\/wp-json\/wp\/v2\/comments?post=1477"}],"version-history":[{"count":2,"href":"https:\/\/isfd166-bue.infd.edu.ar\/sitio\/wp-json\/wp\/v2\/pages\/1477\/revisions"}],"predecessor-version":[{"id":2135,"href":"https:\/\/isfd166-bue.infd.edu.ar\/sitio\/wp-json\/wp\/v2\/pages\/1477\/revisions\/2135"}],"wp:attachment":[{"href":"https:\/\/isfd166-bue.infd.edu.ar\/sitio\/wp-json\/wp\/v2\/media?parent=1477"}],"curies":[{"name":"wp","href":"https:\/\/api.w.org\/{rel}","templated":true}]}}