{"id":1525,"date":"2021-07-02T19:45:55","date_gmt":"2021-07-02T22:45:55","guid":{"rendered":"https:\/\/isfd166-bue.infd.edu.ar\/sitio\/?page_id=1525"},"modified":"2025-11-07T19:16:36","modified_gmt":"2025-11-07T22:16:36","slug":"tecnicatura-superior-en-analisis-desarrollo-y-programacion-de-aplicaciones","status":"publish","type":"page","link":"https:\/\/isfd166-bue.infd.edu.ar\/sitio\/tecnicatura-superior-en-analisis-desarrollo-y-programacion-de-aplicaciones\/","title":{"rendered":"Tecnicatura Superior en An\u00e1lisis de Sistemas (Nueva)"},"content":{"rendered":"<p><img decoding=\"async\" loading=\"lazy\" class=\"wp-image-2121  aligncenter\" src=\"https:\/\/isfd166-bue.infd.edu.ar\/sitio\/wp-content\/uploads\/2025\/11\/WhatsApp-Image-2025-11-07-at-19.00.34-2-1000x713.jpeg\" alt=\"\" width=\"447\" height=\"319\" srcset=\"https:\/\/isfd166-bue.infd.edu.ar\/sitio\/wp-content\/uploads\/2025\/11\/WhatsApp-Image-2025-11-07-at-19.00.34-2-1000x713.jpeg 1000w, https:\/\/isfd166-bue.infd.edu.ar\/sitio\/wp-content\/uploads\/2025\/11\/WhatsApp-Image-2025-11-07-at-19.00.34-2-768x548.jpeg 768w, https:\/\/isfd166-bue.infd.edu.ar\/sitio\/wp-content\/uploads\/2025\/11\/WhatsApp-Image-2025-11-07-at-19.00.34-2.jpeg 1280w\" sizes=\"(max-width: 447px) 100vw, 447px\" \/><\/p>\n\n\n<p class=\"has-text-align-center\"><strong>ACERQUENSE A INSCRIBIRSE PARA 2026<\/strong><\/p>\n\n\n\n<div class=\"wp-block-file\"><object class=\"wp-block-file__embed\" data=\"https:\/\/isfd166-bue.infd.edu.ar\/sitio\/wp-content\/uploads\/2025\/11\/TS-en-Analisis-de-Sistemas-Res.-6790_19-Anexo-I-2.pdf\" type=\"application\/pdf\" style=\"width:100%;height:600px\" aria-label=\"Incrustado de TS-en-Analisis-de-Sistemas-Res.-6790_19-Anexo-I-2.\"><\/object><a id=\"wp-block-file--media-7e14ab95-0adb-4330-b68b-3230da8e59b5\" href=\"https:\/\/isfd166-bue.infd.edu.ar\/sitio\/wp-content\/uploads\/2025\/11\/TS-en-Analisis-de-Sistemas-Res.-6790_19-Anexo-I-2.pdf\">TS-en-Analisis-de-Sistemas-Res.-6790_19-Anexo-I-2<\/a><a href=\"https:\/\/isfd166-bue.infd.edu.ar\/sitio\/wp-content\/uploads\/2025\/11\/TS-en-Analisis-de-Sistemas-Res.-6790_19-Anexo-I-2.pdf\" class=\"wp-block-file__button wp-element-button\" download aria-describedby=\"wp-block-file--media-7e14ab95-0adb-4330-b68b-3230da8e59b5\">Descarga<\/a><\/div>\n\n\n\n<p><\/p>\n\n\n\n<p><\/p>\n\n\n\n<h2 class=\"wp-block-heading\">Tecnicatura Superior en An\u00e1lisis, Desarrollo y Programaci\u00f3n de Aplicaciones (no esta abierta la inscripcion en 2026)<\/h2>\n\n\n<p><img decoding=\"async\" loading=\"lazy\" class=\"aligncenter wp-image-1536\" src=\"https:\/\/isfd166-bue.infd.edu.ar\/sitio\/wp-content\/uploads\/2021\/07\/tecnic-analisis-desarrollo-y-p-de-aplicaciones.png\" alt=\"\" width=\"414\" height=\"294\" srcset=\"https:\/\/isfd166-bue.infd.edu.ar\/sitio\/wp-content\/uploads\/2021\/07\/tecnic-analisis-desarrollo-y-p-de-aplicaciones.png 1747w, https:\/\/isfd166-bue.infd.edu.ar\/sitio\/wp-content\/uploads\/2021\/07\/tecnic-analisis-desarrollo-y-p-de-aplicaciones-1000x710.png 1000w, https:\/\/isfd166-bue.infd.edu.ar\/sitio\/wp-content\/uploads\/2021\/07\/tecnic-analisis-desarrollo-y-p-de-aplicaciones-768x545.png 768w\" sizes=\"(max-width: 414px) 100vw, 414px\" \/><\/p>\n<h3>\u00a0<\/h3>\n<h5>NIVEL: Terciario<br \/>MODALIDAD: Presencial<br \/>DURACI\u00d3N: 3 a\u00f1os<br \/>CANTIDAD DE HORAS: 1824 horas<\/h5>\n<h3><strong>Perfil Profesional\u00a0<\/strong><\/h3>\n<p><span style=\"font-weight: 400;\">Se espera que el \/la T\u00e9cnico\/a Superior en An\u00e1lisis, Desarrollo y Programaci\u00f3n de Aplicaciones,\u00a0 sea un profesional con amplio dominio de tecnolog\u00edas de punta, capacitado para transferir avances de las ciencias inform\u00e1ticas en el desarrollo de \u00e1mbitos virtuales de soluci\u00f3n a problemas reales, aplicando metodolog\u00edas de administraci\u00f3n de ciclos de vida de los sistemas de informaci\u00f3n, herramientas y procedimientos bajo la aplicaci\u00f3n de normas legales, t\u00e9cnicas y \u00e9ticas.\u00a0<\/span><\/p>\n<h3><strong>\u00c1rea ocupacional<\/strong><\/h3>\n<p><span style=\"font-weight: 400;\">El Analista Programador en Desarrollo de Aplicaciones podr\u00e1 desempe\u00f1arse en relaci\u00f3n de dependencia en todo tipo de empresas que requieran una persona o grupo de personas\u00a0 para funciones de an\u00e1lisis, programaci\u00f3n e implementaci\u00f3n en el desarrollo de Ingenier\u00eda de Software; participar en la organizaci\u00f3n y programaci\u00f3n de sistemas inform\u00e1ticos o como administrador de base de datos.; actividades que tambi\u00e9n podr\u00e1 realizar en forma independiente, por medio de consultor\u00edas o liderando grupos de trabajos.\u00a0<\/span><\/p>\n<h3>Plan de estudio<\/h3>\n<p><span style=\"font-weight: 400;\">RESOLUCI\u00d3N 6175\/03\u00a0<\/span><a href=\"https:\/\/isfd166-bue.infd.edu.ar\/sitio\/wp-content\/uploads\/2019\/09\/resolucion_6175_tecnicatura_superior_en_analisis_desarrollo_y_programacion_de_aplicaciones.pdf\">Dise\u00f1o curricular<\/a><\/p>\n<p>ESQUEMA DE CORRELATIVIDADES: <a href=\"https:\/\/isfd166-bue.infd.edu.ar\/sitio\/wp-content\/uploads\/2023\/10\/CORRELATIVIDADES-TECDA.docx\">CORRELATIVIDADES TECDA<\/a><\/p>\n\n\n<p><\/p>\n\n\n\n<p><\/p>\n","protected":false},"excerpt":{"rendered":"<p>ACERQUENSE A INSCRIBIRSE PARA 2026 Tecnicatura Superior en An\u00e1lisis, Desarrollo y Programaci\u00f3n de Aplicaciones (no esta abierta la inscripcion en 2026) \u00a0 NIVEL: TerciarioMODALIDAD: PresencialDURACI\u00d3N: 3 a\u00f1osCANTIDAD DE HORAS: 1824 horas Perfil Profesional\u00a0 Se espera que el \/la T\u00e9cnico\/a Superior en An\u00e1lisis, Desarrollo y Programaci\u00f3n de Aplicaciones,\u00a0 sea un profesional con amplio dominio de tecnolog\u00edas &#8230; <a title=\"Tecnicatura Superior en An\u00e1lisis de Sistemas (Nueva)\" class=\"read-more\" href=\"https:\/\/isfd166-bue.infd.edu.ar\/sitio\/tecnicatura-superior-en-analisis-desarrollo-y-programacion-de-aplicaciones\/\" aria-label=\"More on Tecnicatura Superior en An\u00e1lisis de Sistemas (Nueva)\">[+]<\/a><\/p>\n","protected":false},"author":1256,"featured_media":0,"parent":0,"menu_order":0,"comment_status":"closed","ping_status":"closed","template":"","meta":[],"acf":[],"_links":{"self":[{"href":"https:\/\/isfd166-bue.infd.edu.ar\/sitio\/wp-json\/wp\/v2\/pages\/1525"}],"collection":[{"href":"https:\/\/isfd166-bue.infd.edu.ar\/sitio\/wp-json\/wp\/v2\/pages"}],"about":[{"href":"https:\/\/isfd166-bue.infd.edu.ar\/sitio\/wp-json\/wp\/v2\/types\/page"}],"author":[{"embeddable":true,"href":"https:\/\/isfd166-bue.infd.edu.ar\/sitio\/wp-json\/wp\/v2\/users\/1256"}],"replies":[{"embeddable":true,"href":"https:\/\/isfd166-bue.infd.edu.ar\/sitio\/wp-json\/wp\/v2\/comments?post=1525"}],"version-history":[{"count":21,"href":"https:\/\/isfd166-bue.infd.edu.ar\/sitio\/wp-json\/wp\/v2\/pages\/1525\/revisions"}],"predecessor-version":[{"id":2122,"href":"https:\/\/isfd166-bue.infd.edu.ar\/sitio\/wp-json\/wp\/v2\/pages\/1525\/revisions\/2122"}],"wp:attachment":[{"href":"https:\/\/isfd166-bue.infd.edu.ar\/sitio\/wp-json\/wp\/v2\/media?parent=1525"}],"curies":[{"name":"wp","href":"https:\/\/api.w.org\/{rel}","templated":true}]}}