{"id":1867,"date":"2023-04-30T12:02:53","date_gmt":"2023-04-30T15:02:53","guid":{"rendered":"https:\/\/isfd166-bue.infd.edu.ar\/sitio\/?page_id=1867"},"modified":"2023-04-30T12:02:54","modified_gmt":"2023-04-30T15:02:54","slug":"consejo-academico-institucional","status":"publish","type":"page","link":"https:\/\/isfd166-bue.infd.edu.ar\/sitio\/consejo-academico-institucional\/","title":{"rendered":"Consejo Acad\u00e9mico Institucional"},"content":{"rendered":"\n<p>El Consejo Acad\u00e9mico Institucional es el \u00f3rgano colegiado de asesoramiento, propuesta, debate y decisi\u00f3n, para una gesti\u00f3n participativa, en el marco de la autonom\u00eda institucional en la unidad del sistema del nivel superior, dentro de las regulaciones de la pol\u00edtica educativa jurisdiccional y federal.<\/p>\n\n\n\n<p>Las decisiones del CAI tendr\u00e1n car\u00e1cter de asesoramiento en toda cuesti\u00f3n que trate a requerimiento de los equipos de conducci\u00f3n y car\u00e1cter vinculante para la Instituci\u00f3n en los siguiente t\u00f3picos:<\/p>\n\n\n\n<ul>\n<li>Intervenir en cuestiones vinculadas a la organizaci\u00f3n institucional, presupuestaria, tratamiento de planta org\u00e1nico-funcional,gesti\u00f3n curricular<\/li>\n<\/ul>\n\n\n\n<ul>\n<li>Proyectos de articulaci\u00f3n, extensi\u00f3n e investigaci\u00f3n<\/li>\n<\/ul>\n\n\n\n<ul>\n<li>Concursos docentes<\/li>\n<\/ul>\n\n\n\n<ul>\n<li>Convivencia <\/li>\n<\/ul>\n\n\n\n<ul>\n<li>Trayectorias estudiantiles<\/li>\n<\/ul>\n\n\n\n<p>Siendo responsabilidad del Consejo Acad\u00e9mico Institucional:<\/p>\n\n\n\n<p><strong>1<\/strong>. La elaboraci\u00f3n y evaluaci\u00f3n permanente del Proyecto Pol\u00edtico Pedag\u00f3gico de la Instituci\u00f3n, en sus dimensiones:<\/p>\n\n\n\n<p><strong>Organizacional:<\/strong><\/p>\n\n\n\n<ol type=\"a\">\n<li>La elaboraci\u00f3n y la elevaci\u00f3n ante los Consejos Regionales de la oferta institucional de carreras y consecuente Planta Org\u00e1nico Funcional.<\/li>\n\n\n\n<li>la elaboraci\u00f3n o modificaci\u00f3n del R\u00e9gimen de Convivencia Institucional<\/li>\n\n\n\n<li>la definici\u00f3n del R\u00e9gimen Acad\u00e9mico Marco, seg\u00fan las caracter\u00edsticas institucionales y regionales<\/li>\n\n\n\n<li>la elaboraci\u00f3n, debate y aprobaci\u00f3n de propuestas que conlleven a una mejor organizaci\u00f3n de tiempos, espacios y agrupamientos institucionales<\/li>\n<\/ol>\n\n\n\n<p><strong>Curricular:<\/strong><\/p>\n\n\n\n<ol type=\"a\">\n<li>el ajuste y seguimiento din\u00e1mico del Plan de Evaluaci\u00f3n de los Aprendizajes, seg\u00fan los acuerdos establecidos en el Consejo Regional, en el marco de la normativa vigente.<\/li>\n\n\n\n<li>la elaboraci\u00f3n, debate y propuesta de l\u00edneas y acciones de extensi\u00f3n e investigaci\u00f3n, con aval de la Direcci\u00f3n de Educaci\u00f3n Superior<\/li>\n\n\n\n<li>la presentaci\u00f3n de propuestas institucionales de formaci\u00f3n docente continua para docentes a trav\u00e9s de distintas modalidades \u2013 seminarios, talleres, ateneos, cine-debate, entre otras.<\/li>\n\n\n\n<li>la elaboraci\u00f3n, debate y aprobaci\u00f3n de propuestas de decisi\u00f3n institucional sobre gesti\u00f3n curricular, en concordancia con las definiciones de los dise\u00f1os vigentes.<\/li>\n<\/ol>\n\n\n\n<p><strong>Trayectorias Estudiantiles:<\/strong><\/p>\n\n\n\n<ol type=\"a\">\n<li>el sistema de reconocimiento de trayectorias estudiantiles, estableciendo un sistema de cr\u00e9ditos que ameriten la participaci\u00f3n en programas de extensi\u00f3n e investigaci\u00f3n, participaci\u00f3n en seminarios y otros, en el marco de las normativas vigentes.<\/li>\n\n\n\n<li>las acciones de acompa\u00f1amiento a los aspirantes a ingreso y estudiantes de primer a\u00f1o, con el prop\u00f3sito de posicionar al estudiante en el Nivel de Educaci\u00f3n Superior como sujeto pol\u00edtico y pedag\u00f3gico.<\/li>\n<\/ol>\n\n\n\n<p><strong>2<\/strong>. Darse su Reglamento Interno.<\/p>\n\n\n\n<p><strong>3<\/strong>. Convocar a elecciones para la renovaci\u00f3n del Consejo de acuerdo con las normativas establecidas a tal efecto.<\/p>\n\n\n\n<p><strong>4.<\/strong> Analizar y aprobar los proyectos presentados por docentes y estudiantes tendientes a establecer relaciones con la comunidad educativa.<\/p>\n\n\n\n<p><strong>5.<\/strong> Convocar a las sesiones del Consejo a las personas que se considere oportuno citar a los fines de resolver un tema en particular. Dichas personas tendr\u00e1n voz pero no voto.<\/p>\n","protected":false},"excerpt":{"rendered":"<p>El Consejo Acad\u00e9mico Institucional es el \u00f3rgano colegiado de asesoramiento, propuesta, debate y decisi\u00f3n, para una gesti\u00f3n participativa, en el marco de la autonom\u00eda institucional en la unidad del sistema del nivel superior, dentro de las regulaciones de la pol\u00edtica educativa jurisdiccional y federal. Las decisiones del CAI tendr\u00e1n car\u00e1cter de asesoramiento en toda cuesti\u00f3n &#8230; <a title=\"Consejo Acad\u00e9mico Institucional\" class=\"read-more\" href=\"https:\/\/isfd166-bue.infd.edu.ar\/sitio\/consejo-academico-institucional\/\" aria-label=\"More on Consejo Acad\u00e9mico Institucional\">[+]<\/a><\/p>\n","protected":false},"author":841,"featured_media":0,"parent":0,"menu_order":0,"comment_status":"closed","ping_status":"closed","template":"","meta":[],"acf":[],"_links":{"self":[{"href":"https:\/\/isfd166-bue.infd.edu.ar\/sitio\/wp-json\/wp\/v2\/pages\/1867"}],"collection":[{"href":"https:\/\/isfd166-bue.infd.edu.ar\/sitio\/wp-json\/wp\/v2\/pages"}],"about":[{"href":"https:\/\/isfd166-bue.infd.edu.ar\/sitio\/wp-json\/wp\/v2\/types\/page"}],"author":[{"embeddable":true,"href":"https:\/\/isfd166-bue.infd.edu.ar\/sitio\/wp-json\/wp\/v2\/users\/841"}],"replies":[{"embeddable":true,"href":"https:\/\/isfd166-bue.infd.edu.ar\/sitio\/wp-json\/wp\/v2\/comments?post=1867"}],"version-history":[{"count":1,"href":"https:\/\/isfd166-bue.infd.edu.ar\/sitio\/wp-json\/wp\/v2\/pages\/1867\/revisions"}],"predecessor-version":[{"id":1868,"href":"https:\/\/isfd166-bue.infd.edu.ar\/sitio\/wp-json\/wp\/v2\/pages\/1867\/revisions\/1868"}],"wp:attachment":[{"href":"https:\/\/isfd166-bue.infd.edu.ar\/sitio\/wp-json\/wp\/v2\/media?parent=1867"}],"curies":[{"name":"wp","href":"https:\/\/api.w.org\/{rel}","templated":true}]}}