{"id":753,"date":"2018-07-02T19:18:21","date_gmt":"2018-07-02T22:18:21","guid":{"rendered":"https:\/\/isfd166-bue.infd.edu.ar\/sitio\/tecnicatura-superior-en-bibliotecologia\/"},"modified":"2025-12-03T19:27:52","modified_gmt":"2025-12-03T22:27:52","slug":"tecnicatura-superior-en-bibliotecologia","status":"publish","type":"page","link":"https:\/\/isfd166-bue.infd.edu.ar\/sitio\/tecnicatura-superior-en-bibliotecologia\/","title":{"rendered":"Tecnicatura Superior en Bibliotecolog\u00eda"},"content":{"rendered":"<h4 style=\"text-align: left;\"><\/h4>\n<h4 style=\"text-align: left;\"><strong><a href=\"https:\/\/isfd166-bue.infd.edu.ar\/sitio\/tecnicatura-superior-en-bibliotecologia\/\"><img decoding=\"async\" loading=\"lazy\" class=\"aligncenter size-full wp-image-1425\" src=\"https:\/\/isfd166-bue.infd.edu.ar\/sitio\/wp-content\/uploads\/2021\/06\/biblio-e1625263058276.png\" alt=\"Tecnicatura Superior en Bibliotecolog\u00eda\" width=\"414\" height=\"294\"><\/a><\/strong><\/h4>\n<h4 style=\"text-align: left;\"><strong>PERFIL del Egresado de la carrera BIBLIOTECOLOG\u00cdA<\/strong><\/h4>\n<p style=\"text-align: left;\">El\/la Bibliotecario\/a debe ser un\/una profesional capacitado\/a para trabajar en el campo de la Informaci\u00f3n y la Documentaci\u00f3n, a cargo de la gesti\u00f3n, organizaci\u00f3n, planificaci\u00f3n, programaci\u00f3n y evaluaci\u00f3n de todo lo concerniente a Unidades y Sistemas de Informaci\u00f3n, tanto generales, especiales como especializadas.<\/p>\n<p style=\"text-align: left;\">Debe ser un\/una profesional consciente de los cambios vertiginosos del \u00faltimo siglo y adaptar sus decisiones a los tiempos actuales.<\/p>\n<p style=\"text-align: left;\">Debe ser un\/a profesional id\u00f3neo capaz de comprender a los usuarios en su realidad social, pol\u00edtica y econ\u00f3mica y, al mismo tiempo, reconocer la demanda real de informaci\u00f3n de los mismos.<\/p>\n<p style=\"text-align: left;\">Es por esta raz\u00f3n, que la Tecnicatura Superior en Bibliotecolog\u00eda&nbsp; abre un mundo de posibilidades dentro del ambiente laboral. A continuaci\u00f3n, se mencionan algunas de las&nbsp;<em><strong>competencias laborales <\/strong><\/em>que&nbsp;el\/la bibliotecario\/a deben desarrollar:<\/p>\n<ul style=\"text-align: left;\">\n<li>Planificar, organizar y gestionar congresos, jornadas y\/o encuentros.<\/li>\n<li>Administrar y crear sitios especializados.<\/li>\n<li>Desempe\u00f1arse como gestor responsable de la comunidad dentro de los medios sociales.<\/li>\n<li>Editar publicaciones electr\u00f3nicas: revistas digitales, boletines electr\u00f3nicos, folletos, cat\u00e1logos, libros. (Monfasani, 2014)<\/li>\n<\/ul>\n<p>Finalmente, el \/la perfil del&nbsp;<strong>Bibliotecario\/a<\/strong>&nbsp;que persigue esta instituci\u00f3n es el de un\/una profesional capacitado\/a para trabajar en el campo de la Informaci\u00f3n Documental con el objeto de detectar las necesidades de informaci\u00f3n de la comunidad y poder satisfacerlas desde la funci\u00f3n social que le es propia.<\/p>\n<p>A lo largo de los a\u00f1os se ha ido construyendo&nbsp; un Blog con trabajos realizados por estudiantes del Instituto 166, en el que comparten experiencias, actividades, novedades, etc, para acceder click aqu\u00ed:&nbsp;<a href=\"https:\/\/bibliotecologia166tandil.blogspot.com\/\" target=\"_blank\" rel=\"noopener\">Tecnicatura Superior en Bibliotecolog\u00eda&nbsp;<\/a><\/p>\n<p>En el enlace se puede DESCARGAR el&nbsp;&nbsp;<a href=\"https:\/\/isfd166-bue.infd.edu.ar\/sitio\/wp-content\/uploads\/2018\/10\/Dise\u00f1o-curricular-Bibliotecolog\u00eda.pdf\">Dise\u00f1o curricular de la carrera Bibliotecolog\u00eda<\/a> (Plan anterior, vigente para 2do y 3er a\u00f1o)<\/p>\n<p><a href=\"https:\/\/isfd166-bue.infd.edu.ar\/sitio\/wp-content\/uploads\/2024\/04\/Anexo-I-TS-en-Bibliotecologia-RM-5497-23.pdf\">&nbsp; &nbsp; &nbsp; &nbsp; &nbsp; &nbsp; &nbsp; &nbsp; &nbsp; &nbsp; &nbsp; &nbsp; &nbsp; &nbsp; &nbsp; &nbsp; &nbsp; &nbsp; &nbsp; &nbsp; &nbsp; &nbsp; &nbsp; &nbsp; &nbsp; &nbsp; &nbsp; &nbsp; &nbsp; &nbsp; &nbsp; &nbsp; &nbsp; &nbsp; &nbsp;Anexo I &#8211; TS en Bibliotecologia RM 5497-23<\/a> (Dise\u00f1o curricular vigente para 1er a\u00f1o desde 2024)<\/p>\n<p>y el Plan de correlatividades <a href=\"https:\/\/isfd166-bue.infd.edu.ar\/sitio\/wp-content\/uploads\/2023\/10\/CORRELATIVIDADES-BIBLIO.docx\">CORRELATIVIDADES BIBLIO<\/a><\/p>\n\n\n<p>NUEVA!!!!!!<\/p>\n\n\n\n<p><strong>TECNICATURA SUPERIOR<\/strong> EN B<strong>IBLIOTECOLOG\u00cdA DE INSTITUCIONES EDUCATIVAS<\/strong><\/p>\n\n\n\n<p>BIBLIOTECARIO\/A DE INSTITUCIONES EDUCATIVAS<\/p>\n\n\n\n<p><\/p>\n\n\n\n<div class=\"wp-block-file\"><object class=\"wp-block-file__embed\" data=\"https:\/\/isfd166-bue.infd.edu.ar\/sitio\/wp-content\/uploads\/2025\/12\/TS-en-Bibliotec-Instit-Educativas-Res.-5498-23-y-Anexo.pdf\" type=\"application\/pdf\" style=\"width:100%;height:600px\" aria-label=\"Incrustado de TS-en-Bibliotec-Instit-Educativas-Res.-5498-23-y-Anexo.\"><\/object><a id=\"wp-block-file--media-7f23d0e3-e171-4a18-933d-b4af3907b307\" href=\"https:\/\/isfd166-bue.infd.edu.ar\/sitio\/wp-content\/uploads\/2025\/12\/TS-en-Bibliotec-Instit-Educativas-Res.-5498-23-y-Anexo.pdf\">TS-en-Bibliotec-Instit-Educativas-Res.-5498-23-y-Anexo<\/a><a href=\"https:\/\/isfd166-bue.infd.edu.ar\/sitio\/wp-content\/uploads\/2025\/12\/TS-en-Bibliotec-Instit-Educativas-Res.-5498-23-y-Anexo.pdf\" class=\"wp-block-file__button wp-element-button\" download aria-describedby=\"wp-block-file--media-7f23d0e3-e171-4a18-933d-b4af3907b307\">Descarga<\/a><\/div>\n","protected":false},"excerpt":{"rendered":"<p>PERFIL del Egresado de la carrera BIBLIOTECOLOG\u00cdA El\/la Bibliotecario\/a debe ser un\/una profesional capacitado\/a para trabajar en el campo de la Informaci\u00f3n y la Documentaci\u00f3n, a cargo de la gesti\u00f3n, organizaci\u00f3n, planificaci\u00f3n, programaci\u00f3n y evaluaci\u00f3n de todo lo concerniente a Unidades y Sistemas de Informaci\u00f3n, tanto generales, especiales como especializadas. Debe ser un\/una profesional consciente &#8230; <a title=\"Tecnicatura Superior en Bibliotecolog\u00eda\" class=\"read-more\" href=\"https:\/\/isfd166-bue.infd.edu.ar\/sitio\/tecnicatura-superior-en-bibliotecologia\/\" aria-label=\"More on Tecnicatura Superior en Bibliotecolog\u00eda\">[+]<\/a><\/p>\n","protected":false},"author":1154,"featured_media":0,"parent":0,"menu_order":0,"comment_status":"closed","ping_status":"closed","template":"","meta":[],"acf":[],"_links":{"self":[{"href":"https:\/\/isfd166-bue.infd.edu.ar\/sitio\/wp-json\/wp\/v2\/pages\/753"}],"collection":[{"href":"https:\/\/isfd166-bue.infd.edu.ar\/sitio\/wp-json\/wp\/v2\/pages"}],"about":[{"href":"https:\/\/isfd166-bue.infd.edu.ar\/sitio\/wp-json\/wp\/v2\/types\/page"}],"author":[{"embeddable":true,"href":"https:\/\/isfd166-bue.infd.edu.ar\/sitio\/wp-json\/wp\/v2\/users\/1154"}],"replies":[{"embeddable":true,"href":"https:\/\/isfd166-bue.infd.edu.ar\/sitio\/wp-json\/wp\/v2\/comments?post=753"}],"version-history":[{"count":20,"href":"https:\/\/isfd166-bue.infd.edu.ar\/sitio\/wp-json\/wp\/v2\/pages\/753\/revisions"}],"predecessor-version":[{"id":2133,"href":"https:\/\/isfd166-bue.infd.edu.ar\/sitio\/wp-json\/wp\/v2\/pages\/753\/revisions\/2133"}],"wp:attachment":[{"href":"https:\/\/isfd166-bue.infd.edu.ar\/sitio\/wp-json\/wp\/v2\/media?parent=753"}],"curies":[{"name":"wp","href":"https:\/\/api.w.org\/{rel}","templated":true}]}}