{"id":770,"date":"2018-07-02T19:18:26","date_gmt":"2018-07-02T22:18:26","guid":{"rendered":"https:\/\/isfd166-bue.infd.edu.ar\/sitio\/autoridades\/"},"modified":"2025-11-07T14:37:07","modified_gmt":"2025-11-07T17:37:07","slug":"autoridades","status":"publish","type":"page","link":"https:\/\/isfd166-bue.infd.edu.ar\/sitio\/autoridades\/","title":{"rendered":"Autoridades"},"content":{"rendered":"<p class=\"m_-3472514956419269939gmail-istituctitulo\"><strong>\u00a0<\/strong><span style=\"font-family: tahoma, arial, helvetica, sans-serif; font-size: 10pt; color: #000000;\"><strong>DIRECTORA DE LA UNIDAD ACAD\u00c9MICA:<\/strong> <\/span><\/p>\n<ul>\n<li><span style=\"font-family: tahoma, arial, helvetica, sans-serif; font-size: 10pt; color: #000000;\">Profesora Susana Copponi<\/span><\/li>\n<li><a href=\"mailto:isfdyt166tandil@abc.gob.ar\">isfdyt166tandil@abc.gob.ar<\/a><\/li>\n<\/ul>\n<p class=\"m_-3472514956419269939gmail-istituctitulo\"><strong>\u00a0<\/strong><span style=\"font-family: tahoma, arial, helvetica, sans-serif; font-size: 10pt; color: #000000;\"><strong>VICEDIRECTORA:<\/strong> <\/span><\/p>\n<ul>\n<li>\n<p><span style=\"font-family: tahoma, arial, helvetica, sans-serif; font-size: 10pt; color: #000000;\">Profesor Federico Martin<\/span><\/p>\n<\/li>\n<\/ul>\n<p class=\"m_-3472514956419269939gmail-istituctitulo\"><strong>\u00a0<\/strong><span style=\"font-family: tahoma, arial, helvetica, sans-serif; font-size: 10pt; color: #000000;\"><strong>REGENTE:<\/strong> <\/span><\/p>\n<ul>\n<li><span style=\"font-family: tahoma, arial, helvetica, sans-serif; font-size: 10pt; color: #000000;\">vacante<\/span><\/li>\n<li><a href=\"mailto:regente166normaltandil@gmail.com\">regente166normaltandil@gmail.com<\/a><\/li>\n<\/ul>\n<p class=\"m_-3472514956419269939gmail-istituctitulo\"><strong>\u00a0<\/strong><span style=\"font-family: tahoma, arial, helvetica, sans-serif; font-size: 10pt; color: #000000;\"><strong>SECRETARIA:<\/strong> <\/span><\/p>\n<ul>\n<li><span style=\"font-family: tahoma, arial, helvetica, sans-serif; font-size: 10pt; color: #000000;\">Profesora Valeria Lejczak<\/span><\/li>\n<li><a href=\"mailto:secretaria166normaltandil@gmail.com\">secretaria166normaltandil@gmail.com<\/a><\/li>\n<\/ul>\n<p><strong><span style=\"font-family: tahoma, arial, helvetica, sans-serif; font-size: 10pt; color: #000000;\">JEFA DE \u00c1REA del Profesorado de Educaci\u00f3n Especial: <\/span><\/strong><\/p>\n<ul>\n<li><span style=\"font-family: tahoma, arial, helvetica, sans-serif; font-size: 10pt; color: #000000;\">Profesora Graciela S\u00e1nchez.<\/span><\/li>\n<\/ul>\n<p><strong><span style=\"font-family: tahoma, arial, helvetica, sans-serif; font-size: 10pt; color: #000000;\">JEFA DE \u00c1REA del Profesorado de Educaci\u00f3n Inicial: <\/span><\/strong><\/p>\n<ul>\n<li><span style=\"font-family: tahoma, arial, helvetica, sans-serif; font-size: 10pt; color: #000000;\">Profesora Marina Ramos<\/span><\/li>\n<\/ul>\n\n\n<p><\/p>\n","protected":false},"excerpt":{"rendered":"<p>\u00a0DIRECTORA DE LA UNIDAD ACAD\u00c9MICA: Profesora Susana Copponi isfdyt166tandil@abc.gob.ar \u00a0VICEDIRECTORA: Profesor Federico Martin \u00a0REGENTE: vacante regente166normaltandil@gmail.com \u00a0SECRETARIA: Profesora Valeria Lejczak secretaria166normaltandil@gmail.com JEFA DE \u00c1REA del Profesorado de Educaci\u00f3n Especial: Profesora Graciela S\u00e1nchez. JEFA DE \u00c1REA del Profesorado de Educaci\u00f3n Inicial: Profesora Marina Ramos<\/p>\n","protected":false},"author":708,"featured_media":0,"parent":0,"menu_order":0,"comment_status":"closed","ping_status":"closed","template":"","meta":[],"acf":[],"_links":{"self":[{"href":"https:\/\/isfd166-bue.infd.edu.ar\/sitio\/wp-json\/wp\/v2\/pages\/770"}],"collection":[{"href":"https:\/\/isfd166-bue.infd.edu.ar\/sitio\/wp-json\/wp\/v2\/pages"}],"about":[{"href":"https:\/\/isfd166-bue.infd.edu.ar\/sitio\/wp-json\/wp\/v2\/types\/page"}],"author":[{"embeddable":true,"href":"https:\/\/isfd166-bue.infd.edu.ar\/sitio\/wp-json\/wp\/v2\/users\/708"}],"replies":[{"embeddable":true,"href":"https:\/\/isfd166-bue.infd.edu.ar\/sitio\/wp-json\/wp\/v2\/comments?post=770"}],"version-history":[{"count":17,"href":"https:\/\/isfd166-bue.infd.edu.ar\/sitio\/wp-json\/wp\/v2\/pages\/770\/revisions"}],"predecessor-version":[{"id":2080,"href":"https:\/\/isfd166-bue.infd.edu.ar\/sitio\/wp-json\/wp\/v2\/pages\/770\/revisions\/2080"}],"wp:attachment":[{"href":"https:\/\/isfd166-bue.infd.edu.ar\/sitio\/wp-json\/wp\/v2\/media?parent=770"}],"curies":[{"name":"wp","href":"https:\/\/api.w.org\/{rel}","templated":true}]}}