{"id":843,"date":"2018-10-04T20:47:48","date_gmt":"2018-10-04T23:47:48","guid":{"rendered":"https:\/\/isfd166-bue.infd.edu.ar\/sitio\/?page_id=843"},"modified":"2023-12-22T09:13:04","modified_gmt":"2023-12-22T12:13:04","slug":"informacion-para-ingresantes","status":"publish","type":"page","link":"https:\/\/isfd166-bue.infd.edu.ar\/sitio\/informacion-para-ingresantes\/","title":{"rendered":"Informaci\u00f3n para ingresantes"},"content":{"rendered":"<h5 style=\"text-align: center;\"><span style=\"color: #ff6600;\">Documentaci\u00f3n para Ingreso a las Carreras del ISFDyT 166<\/span><\/h5>\n<p>Para realizar la inscripci\u00f3n al Instituto de Formaci\u00f3n Docente N\u00ba 166 deben presentar la siguiente documentaci\u00f3n y completar el formulario de preinscripci\u00f3n.<\/p>\n<p><img decoding=\"async\" loading=\"lazy\" class=\"alignnone  wp-image-1668\" src=\"https:\/\/isfd166-bue.infd.edu.ar\/sitio\/wp-content\/uploads\/2022\/10\/ok_list_approved_approve_checklist_check_icon_212501-500x500.png\" alt=\"\" width=\"34\" height=\"34\" srcset=\"https:\/\/isfd166-bue.infd.edu.ar\/sitio\/wp-content\/uploads\/2022\/10\/ok_list_approved_approve_checklist_check_icon_212501-500x500.png 500w, https:\/\/isfd166-bue.infd.edu.ar\/sitio\/wp-content\/uploads\/2022\/10\/ok_list_approved_approve_checklist_check_icon_212501.png 512w\" sizes=\"(max-width: 34px) 100vw, 34px\" \/>Fotocopia autenticada del certificado anal\u00edtico de t\u00edtulo de nivel secundario (registrado previamente en Consejo Escolar) o constancia de t\u00edtulo en tr\u00e1mite.<\/p>\n<p><img decoding=\"async\" loading=\"lazy\" class=\"alignnone  wp-image-1668\" src=\"https:\/\/isfd166-bue.infd.edu.ar\/sitio\/wp-content\/uploads\/2022\/10\/ok_list_approved_approve_checklist_check_icon_212501-500x500.png\" alt=\"\" width=\"34\" height=\"34\" srcset=\"https:\/\/isfd166-bue.infd.edu.ar\/sitio\/wp-content\/uploads\/2022\/10\/ok_list_approved_approve_checklist_check_icon_212501-500x500.png 500w, https:\/\/isfd166-bue.infd.edu.ar\/sitio\/wp-content\/uploads\/2022\/10\/ok_list_approved_approve_checklist_check_icon_212501.png 512w\" sizes=\"(max-width: 34px) 100vw, 34px\" \/>Certificado de aptitud f\u00edsica.<\/p>\n<p><img decoding=\"async\" loading=\"lazy\" class=\"alignnone  wp-image-1668\" src=\"https:\/\/isfd166-bue.infd.edu.ar\/sitio\/wp-content\/uploads\/2022\/10\/ok_list_approved_approve_checklist_check_icon_212501-500x500.png\" alt=\"\" width=\"34\" height=\"34\" srcset=\"https:\/\/isfd166-bue.infd.edu.ar\/sitio\/wp-content\/uploads\/2022\/10\/ok_list_approved_approve_checklist_check_icon_212501-500x500.png 500w, https:\/\/isfd166-bue.infd.edu.ar\/sitio\/wp-content\/uploads\/2022\/10\/ok_list_approved_approve_checklist_check_icon_212501.png 512w\" sizes=\"(max-width: 34px) 100vw, 34px\" \/>Tres fotos carnet tama\u00f1o 4&#215;4.<\/p>\n<p><img decoding=\"async\" loading=\"lazy\" class=\"alignnone  wp-image-1668\" src=\"https:\/\/isfd166-bue.infd.edu.ar\/sitio\/wp-content\/uploads\/2022\/10\/ok_list_approved_approve_checklist_check_icon_212501-500x500.png\" alt=\"\" width=\"34\" height=\"34\" srcset=\"https:\/\/isfd166-bue.infd.edu.ar\/sitio\/wp-content\/uploads\/2022\/10\/ok_list_approved_approve_checklist_check_icon_212501-500x500.png 500w, https:\/\/isfd166-bue.infd.edu.ar\/sitio\/wp-content\/uploads\/2022\/10\/ok_list_approved_approve_checklist_check_icon_212501.png 512w\" sizes=\"(max-width: 34px) 100vw, 34px\" \/>Una carpeta de tres solapas.<\/p>\n<p><img decoding=\"async\" loading=\"lazy\" class=\"alignnone  wp-image-1668\" src=\"https:\/\/isfd166-bue.infd.edu.ar\/sitio\/wp-content\/uploads\/2022\/10\/ok_list_approved_approve_checklist_check_icon_212501-500x500.png\" alt=\"\" width=\"34\" height=\"34\" srcset=\"https:\/\/isfd166-bue.infd.edu.ar\/sitio\/wp-content\/uploads\/2022\/10\/ok_list_approved_approve_checklist_check_icon_212501-500x500.png 500w, https:\/\/isfd166-bue.infd.edu.ar\/sitio\/wp-content\/uploads\/2022\/10\/ok_list_approved_approve_checklist_check_icon_212501.png 512w\" sizes=\"(max-width: 34px) 100vw, 34px\" \/>Dos folios tama\u00f1o oficio.<\/p>\n<p><img decoding=\"async\" loading=\"lazy\" class=\"alignnone  wp-image-1668\" src=\"https:\/\/isfd166-bue.infd.edu.ar\/sitio\/wp-content\/uploads\/2022\/10\/ok_list_approved_approve_checklist_check_icon_212501-500x500.png\" alt=\"\" width=\"34\" height=\"34\" srcset=\"https:\/\/isfd166-bue.infd.edu.ar\/sitio\/wp-content\/uploads\/2022\/10\/ok_list_approved_approve_checklist_check_icon_212501-500x500.png 500w, https:\/\/isfd166-bue.infd.edu.ar\/sitio\/wp-content\/uploads\/2022\/10\/ok_list_approved_approve_checklist_check_icon_212501.png 512w\" sizes=\"(max-width: 34px) 100vw, 34px\" \/>Formulario de solicitud de Inscripci\u00f3n Aspirantes para el Curso Inicial. (Se puede adquirir en la fotocopiadora de la instituci\u00f3n).<\/p>\n<p><img decoding=\"async\" loading=\"lazy\" class=\"alignnone  wp-image-1668\" src=\"https:\/\/isfd166-bue.infd.edu.ar\/sitio\/wp-content\/uploads\/2022\/10\/ok_list_approved_approve_checklist_check_icon_212501-500x500.png\" alt=\"\" width=\"34\" height=\"34\" srcset=\"https:\/\/isfd166-bue.infd.edu.ar\/sitio\/wp-content\/uploads\/2022\/10\/ok_list_approved_approve_checklist_check_icon_212501-500x500.png 500w, https:\/\/isfd166-bue.infd.edu.ar\/sitio\/wp-content\/uploads\/2022\/10\/ok_list_approved_approve_checklist_check_icon_212501.png 512w\" sizes=\"(max-width: 34px) 100vw, 34px\" \/>Fotocopia de la Partida de Nacimiento<\/p>\n","protected":false},"excerpt":{"rendered":"<p>Documentaci\u00f3n para Ingreso a las Carreras del ISFDyT 166 Para realizar la inscripci\u00f3n al Instituto de Formaci\u00f3n Docente N\u00ba 166 deben presentar la siguiente documentaci\u00f3n y completar el formulario de preinscripci\u00f3n. Fotocopia autenticada del certificado anal\u00edtico de t\u00edtulo de nivel secundario (registrado previamente en Consejo Escolar) o constancia de t\u00edtulo en tr\u00e1mite. Certificado de aptitud &#8230; <a title=\"Informaci\u00f3n para ingresantes\" class=\"read-more\" href=\"https:\/\/isfd166-bue.infd.edu.ar\/sitio\/informacion-para-ingresantes\/\" aria-label=\"More on Informaci\u00f3n para ingresantes\">[+]<\/a><\/p>\n","protected":false},"author":1248,"featured_media":0,"parent":0,"menu_order":0,"comment_status":"closed","ping_status":"closed","template":"","meta":[],"acf":[],"_links":{"self":[{"href":"https:\/\/isfd166-bue.infd.edu.ar\/sitio\/wp-json\/wp\/v2\/pages\/843"}],"collection":[{"href":"https:\/\/isfd166-bue.infd.edu.ar\/sitio\/wp-json\/wp\/v2\/pages"}],"about":[{"href":"https:\/\/isfd166-bue.infd.edu.ar\/sitio\/wp-json\/wp\/v2\/types\/page"}],"author":[{"embeddable":true,"href":"https:\/\/isfd166-bue.infd.edu.ar\/sitio\/wp-json\/wp\/v2\/users\/1248"}],"replies":[{"embeddable":true,"href":"https:\/\/isfd166-bue.infd.edu.ar\/sitio\/wp-json\/wp\/v2\/comments?post=843"}],"version-history":[{"count":20,"href":"https:\/\/isfd166-bue.infd.edu.ar\/sitio\/wp-json\/wp\/v2\/pages\/843\/revisions"}],"predecessor-version":[{"id":1933,"href":"https:\/\/isfd166-bue.infd.edu.ar\/sitio\/wp-json\/wp\/v2\/pages\/843\/revisions\/1933"}],"wp:attachment":[{"href":"https:\/\/isfd166-bue.infd.edu.ar\/sitio\/wp-json\/wp\/v2\/media?parent=843"}],"curies":[{"name":"wp","href":"https:\/\/api.w.org\/{rel}","templated":true}]}}